{"id":287,"date":"2022-03-01T09:34:48","date_gmt":"2022-03-01T08:34:48","guid":{"rendered":"https:\/\/www.magnaneraie.najeti.fr\/faq\/"},"modified":"2025-12-30T14:16:06","modified_gmt":"2025-12-30T13:16:06","slug":"faq","status":"publish","type":"page","link":"https:\/\/www.magnaneraie.najeti.fr\/en\/faq\/","title":{"rendered":"FAQ"},"content":{"rendered":"<div data-elementor-type=\"wp-page\" data-elementor-id=\"287\" class=\"elementor elementor-287\" data-elementor-post-type=\"page\">\n\t\t\t\t<div class=\"elementor-element elementor-element-a18e352 e-con-full e-flex e-con e-parent\" data-id=\"a18e352\" data-element_type=\"container\" data-e-type=\"container\" data-settings=\"{&quot;background_background&quot;:&quot;classic&quot;,&quot;_ob_use_container_extras&quot;:&quot;no&quot;,&quot;_ob_column_hoveranimator&quot;:&quot;no&quot;,&quot;_ob_glider_is_slider&quot;:&quot;no&quot;,&quot;_ob_column_has_pseudo&quot;:&quot;no&quot;}\">\n\t\t<div class=\"elementor-element elementor-element-df18989 e-flex e-con-boxed e-con e-child\" data-id=\"df18989\" data-element_type=\"container\" data-e-type=\"container\" data-settings=\"{&quot;_ob_use_container_extras&quot;:&quot;no&quot;,&quot;_ob_column_hoveranimator&quot;:&quot;no&quot;,&quot;_ob_glider_is_slider&quot;:&quot;no&quot;,&quot;_ob_column_has_pseudo&quot;:&quot;no&quot;}\">\n\t\t\t\t\t<div class=\"e-con-inner\">\n\t\t\t\t\t<\/div>\n\t\t\t\t<\/div>\n\t\t\t\t<div class=\"elementor-element elementor-element-221756b ob-has-background-overlay elementor-widget elementor-widget-image\" data-id=\"221756b\" data-element_type=\"widget\" data-e-type=\"widget\" data-settings=\"{&quot;_ob_photomorph_use&quot;:&quot;no&quot;,&quot;_ob_widget_stalker_use&quot;:&quot;no&quot;,&quot;_ob_poopart_use&quot;:&quot;yes&quot;,&quot;_ob_shadough_use&quot;:&quot;no&quot;,&quot;_ob_allow_hoveranimator&quot;:&quot;no&quot;}\" data-widget_type=\"image.default\">\n\t\t\t\t<div class=\"elementor-widget-container\">\n\t\t\t\t\t\t\t\t\t\t\t\t\t\t\t<img fetchpriority=\"high\" decoding=\"async\" width=\"1098\" height=\"360\" src=\"https:\/\/www.magnaneraie.najeti.fr\/wp-content\/uploads\/2020\/09\/Logo_LaMagnaneraie.svg\" class=\"attachment-full size-full wp-image-248\" alt=\"\" title=\"Photo -\">\t\t\t\t\t\t\t\t\t\t\t\t\t\t\t<\/div>\n\t\t\t\t<\/div>\n\t\t<div class=\"elementor-element elementor-element-8f4924e e-flex e-con-boxed e-con e-child\" data-id=\"8f4924e\" data-element_type=\"container\" data-e-type=\"container\" data-settings=\"{&quot;_ob_use_container_extras&quot;:&quot;no&quot;,&quot;_ob_column_hoveranimator&quot;:&quot;no&quot;,&quot;_ob_glider_is_slider&quot;:&quot;no&quot;,&quot;_ob_column_has_pseudo&quot;:&quot;no&quot;}\">\n\t\t\t\t\t<div class=\"e-con-inner\">\n\t\t\t\t<div class=\"elementor-element elementor-element-1f16365 elementor-align-center ob-has-background-overlay elementor-widget elementor-widget-button\" data-id=\"1f16365\" data-element_type=\"widget\" data-e-type=\"widget\" data-settings=\"{&quot;_ob_butterbutton_use_it&quot;:&quot;no&quot;,&quot;_ob_widget_stalker_use&quot;:&quot;no&quot;,&quot;_ob_poopart_use&quot;:&quot;yes&quot;,&quot;_ob_shadough_use&quot;:&quot;no&quot;,&quot;_ob_allow_hoveranimator&quot;:&quot;no&quot;}\" data-widget_type=\"button.default\">\n\t\t\t\t<div class=\"elementor-widget-container\">\n\t\t\t\t\t\t\t\t\t<div class=\"elementor-button-wrapper\">\n\t\t\t\t\t<a class=\"elementor-button elementor-button-link elementor-size-lg\" href=\"#ecran2\">\n\t\t\t\t\t\t<span class=\"elementor-button-content-wrapper\">\n\t\t\t\t\t\t<span class=\"elementor-button-icon\">\n\t\t\t\t<svg xmlns=\"http:\/\/www.w3.org\/2000\/svg\" width=\"39.167\" height=\"22.394\" viewbox=\"0 0 39.167 22.394\"><path id=\"Icon_ionic-ios-arrow-down\" data-name=\"Icon ionic-ios-arrow-down\" d=\"M25.778,26.89l14.81-14.821a2.787,2.787,0,0,1,3.953,0,2.822,2.822,0,0,1,0,3.965L27.76,32.825a2.794,2.794,0,0,1-3.86.082L7,16.045a2.8,2.8,0,0,1,3.953-3.965Z\" transform=\"translate(-6.188 -11.247)\" fill=\"#fff\"><\/path><\/svg>\t\t\t<\/span>\n\t\t\t\t\t\t\t\t<\/span>\n\t\t\t\t\t<\/a>\n\t\t\t\t<\/div>\n\t\t\t\t\t\t\t\t<\/div>\n\t\t\t\t<\/div>\n\t\t\t\t\t<\/div>\n\t\t\t\t<\/div>\n\t\t\t\t<\/div>\n\t\t\t\t<section class=\"elementor-section elementor-top-section elementor-element elementor-element-62b6215 elementor-section-boxed elementor-section-height-default elementor-section-height-default\" data-id=\"62b6215\" data-element_type=\"section\" data-e-type=\"section\" id=\"ecran2\" data-settings=\"{&quot;background_background&quot;:&quot;classic&quot;,&quot;_ob_glider_is_slider&quot;:&quot;no&quot;}\">\n\t\t\t\t\t\t<div class=\"elementor-container elementor-column-gap-default\">\n\t\t\t\t\t<div class=\"elementor-column elementor-col-100 elementor-top-column elementor-element elementor-element-487b16ad\" data-id=\"487b16ad\" data-element_type=\"column\" data-e-type=\"column\" data-settings=\"{&quot;_ob_column_hoveranimator&quot;:&quot;no&quot;,&quot;_ob_column_has_pseudo&quot;:&quot;no&quot;}\">\n\t\t\t<div class=\"elementor-widget-wrap elementor-element-populated\">\n\t\t\t\t\t\t<div class=\"elementor-element elementor-element-7f45f247 ob-harakiri-inherit ob-has-background-overlay elementor-widget elementor-widget-heading\" data-id=\"7f45f247\" data-element_type=\"widget\" data-e-type=\"widget\" data-settings=\"{&quot;_ob_use_harakiri&quot;:&quot;yes&quot;,&quot;_ob_harakiri_writing_mode&quot;:&quot;inherit&quot;,&quot;_ob_harakiri_text_clip&quot;:&quot;none&quot;,&quot;_ob_widget_stalker_use&quot;:&quot;no&quot;,&quot;_ob_poopart_use&quot;:&quot;yes&quot;,&quot;_ob_shadough_use&quot;:&quot;no&quot;,&quot;_ob_allow_hoveranimator&quot;:&quot;no&quot;}\" data-widget_type=\"heading.default\">\n\t\t\t\t<div class=\"elementor-widget-container\">\n\t\t\t\t\t<h1 class=\"elementor-heading-title elementor-size-default\">\/ FAQ<\/h1>\t\t\t\t<\/div>\n\t\t\t\t<\/div>\n\t\t\t\t<div class=\"elementor-element elementor-element-7b6e20ff ob-harakiri-inherit ob-has-background-overlay elementor-widget elementor-widget-text-editor\" data-id=\"7b6e20ff\" data-element_type=\"widget\" data-e-type=\"widget\" data-settings=\"{&quot;_ob_use_harakiri&quot;:&quot;yes&quot;,&quot;_ob_harakiri_writing_mode&quot;:&quot;inherit&quot;,&quot;_ob_postman_use&quot;:&quot;no&quot;,&quot;_ob_widget_stalker_use&quot;:&quot;no&quot;,&quot;_ob_poopart_use&quot;:&quot;yes&quot;,&quot;_ob_shadough_use&quot;:&quot;no&quot;,&quot;_ob_allow_hoveranimator&quot;:&quot;no&quot;}\" data-widget_type=\"text-editor.default\">\n\t\t\t\t<div class=\"elementor-widget-container\">\n\t\t\t\t\t\t\t\t\t<p>Do you have a question about the hotel, your reservation or your future stay?<br \/>Perhaps your answer is here! If not, don't hesitate to contact us by phone or e-mail.<\/p>\t\t\t\t\t\t\t\t<\/div>\n\t\t\t\t<\/div>\n\t\t\t\t<div class=\"elementor-element elementor-element-6d9b7774 ob-harakiri-inherit ob-has-background-overlay elementor-widget elementor-widget-heading\" data-id=\"6d9b7774\" data-element_type=\"widget\" data-e-type=\"widget\" data-settings=\"{&quot;_ob_use_harakiri&quot;:&quot;yes&quot;,&quot;_ob_harakiri_writing_mode&quot;:&quot;inherit&quot;,&quot;_ob_harakiri_text_clip&quot;:&quot;none&quot;,&quot;_ob_widget_stalker_use&quot;:&quot;no&quot;,&quot;_ob_poopart_use&quot;:&quot;yes&quot;,&quot;_ob_shadough_use&quot;:&quot;no&quot;,&quot;_ob_allow_hoveranimator&quot;:&quot;no&quot;}\" data-widget_type=\"heading.default\">\n\t\t\t\t<div class=\"elementor-widget-container\">\n\t\t\t\t\t<h2 class=\"elementor-heading-title elementor-size-default\">The hotel<\/h2>\t\t\t\t<\/div>\n\t\t\t\t<\/div>\n\t\t\t\t<div class=\"elementor-element elementor-element-7781de0f ob-harakiri-inherit ob-has-background-overlay elementor-widget elementor-widget-text-editor\" data-id=\"7781de0f\" data-element_type=\"widget\" data-e-type=\"widget\" data-settings=\"{&quot;_ob_use_harakiri&quot;:&quot;yes&quot;,&quot;_ob_harakiri_writing_mode&quot;:&quot;inherit&quot;,&quot;_ob_postman_use&quot;:&quot;no&quot;,&quot;_ob_widget_stalker_use&quot;:&quot;no&quot;,&quot;_ob_poopart_use&quot;:&quot;yes&quot;,&quot;_ob_shadough_use&quot;:&quot;no&quot;,&quot;_ob_allow_hoveranimator&quot;:&quot;no&quot;}\" data-widget_type=\"text-editor.default\">\n\t\t\t\t<div class=\"elementor-widget-container\">\n\t\t\t\t\t\t\t\t\t<p>How do I get from the Avignon TGV station to the hotel? Do you have a shuttle bus?<br \/>There is no shuttle bus between the TGV station and the hotel. To come from the TGV station to the hotel, the reception can book a taxi on request.<\/p><p>\u00a0<\/p><p>What is the difference between a Charming room and a Luxury room?<br \/>Our Luxury rooms are larger than our Charmes rooms and offer more amenities.<\/p><p>\u00a0<\/p><p>Do you have family or connecting rooms?<br \/>Yes, we can offer rooms for the whole family.<\/p><p>\u00a0<\/p><p>Do you have smoking rooms?<br \/>No, but smokers can indulge their cravings in the hotel's garden or on the balcony of some rooms.<\/p><p>\u00a0<\/p><p>Do all rooms have a safe?<br \/>Yes, regardless of the category, you can store your valuables in your room.<\/p><p>\u00a0<\/p><p>Can I request an extra bed in my room? How much will it cost me?<br \/>Yes, subject to availability, you can request an extra bed in your room at the time of booking. The price is 30\u20ac to 40\u20ac per night depending on the season.<\/p><p>\u00a0<\/p><p>I have a baby, does the hotel have adequate facilities?<br \/>Yes, we can provide a cot and bottle warmer on request and subject to availability.<\/p><p>\u00a0<\/p><p>Is the hotel suitable for people with reduced mobility?<br \/>Yes, we have a room for people with reduced mobility.<\/p><p>\u00a0<\/p><p>Do you have a lift?<br \/>No, the hotel does not have a lift.<\/p><p>\u00a0<\/p><p>Can I eat at the hotel?<br \/>Yes, the hotel has a restaurant: the Najeti Restaurant le M\u00fbrier.<\/p>\t\t\t\t\t\t\t\t<\/div>\n\t\t\t\t<\/div>\n\t\t\t\t<div class=\"elementor-element elementor-element-72c1e362 ob-harakiri-inherit ob-has-background-overlay elementor-widget elementor-widget-heading\" data-id=\"72c1e362\" data-element_type=\"widget\" data-e-type=\"widget\" data-settings=\"{&quot;_ob_use_harakiri&quot;:&quot;yes&quot;,&quot;_ob_harakiri_writing_mode&quot;:&quot;inherit&quot;,&quot;_ob_harakiri_text_clip&quot;:&quot;none&quot;,&quot;_ob_widget_stalker_use&quot;:&quot;no&quot;,&quot;_ob_poopart_use&quot;:&quot;yes&quot;,&quot;_ob_shadough_use&quot;:&quot;no&quot;,&quot;_ob_allow_hoveranimator&quot;:&quot;no&quot;}\" data-widget_type=\"heading.default\">\n\t\t\t\t<div class=\"elementor-widget-container\">\n\t\t\t\t\t<h2 class=\"elementor-heading-title elementor-size-default\">The stay<\/h2>\t\t\t\t<\/div>\n\t\t\t\t<\/div>\n\t\t\t\t<div class=\"elementor-element elementor-element-5370f93d ob-harakiri-inherit ob-has-background-overlay elementor-widget elementor-widget-text-editor\" data-id=\"5370f93d\" data-element_type=\"widget\" data-e-type=\"widget\" data-settings=\"{&quot;_ob_use_harakiri&quot;:&quot;yes&quot;,&quot;_ob_harakiri_writing_mode&quot;:&quot;inherit&quot;,&quot;_ob_postman_use&quot;:&quot;no&quot;,&quot;_ob_widget_stalker_use&quot;:&quot;no&quot;,&quot;_ob_poopart_use&quot;:&quot;yes&quot;,&quot;_ob_shadough_use&quot;:&quot;no&quot;,&quot;_ob_allow_hoveranimator&quot;:&quot;no&quot;}\" data-widget_type=\"text-editor.default\">\n\t\t\t\t<div class=\"elementor-widget-container\">\n\t\t\t\t\t\t\t\t\t<p>What are the departure and arrival times?<br \/>Arrival is from 4 pm and departure until 12 noon.<\/p><p>\u00a0<\/p><p>Do you have a luggage store?<br \/>Yes, you can leave your luggage at the reception if you arrive early.<\/p><p>\u00a0<\/p><p>Do you accept pets? What is the rate?<br \/>Oui, nous aimons les animaux et les acceptons dans notre \u00e9tablissement. Ceux-ci devront obligatoirement \u00eatre tenus en laisse dans le restaurant. Le tarif est de 15\u20ac par nuit et par animal.<\/p><p>\u00a0<\/p><p>Do you have an internet connection at the hotel? Is it free?<br \/>Yes, the hotel offers free Wi-Fi.<\/p><p>\u00a0<\/p><p>What are the breakfast, lunch and dinner times?<br \/>Breakfast is served from 7:00 to 10:30, lunch from 12:00 to 13:30 and dinner from 19:30 to 21:30.<\/p><p>\u00a0<\/p><p>What are the opening hours of your pool? Do you provide towels?<br \/>The pool is open from 9:00 to 20:00 and towels are available in front of the pool.<\/p><p>\u00a0<\/p><p>What should I do if I forget something in my room?<br \/>You can contact our team who will send you the forgotten item in exchange for a delivery fee.<\/p>\t\t\t\t\t\t\t\t<\/div>\n\t\t\t\t<\/div>\n\t\t\t\t<div class=\"elementor-element elementor-element-50166f02 ob-harakiri-inherit ob-has-background-overlay elementor-widget elementor-widget-heading\" data-id=\"50166f02\" data-element_type=\"widget\" data-e-type=\"widget\" data-settings=\"{&quot;_ob_use_harakiri&quot;:&quot;yes&quot;,&quot;_ob_harakiri_writing_mode&quot;:&quot;inherit&quot;,&quot;_ob_harakiri_text_clip&quot;:&quot;none&quot;,&quot;_ob_widget_stalker_use&quot;:&quot;no&quot;,&quot;_ob_poopart_use&quot;:&quot;yes&quot;,&quot;_ob_shadough_use&quot;:&quot;no&quot;,&quot;_ob_allow_hoveranimator&quot;:&quot;no&quot;}\" data-widget_type=\"heading.default\">\n\t\t\t\t<div class=\"elementor-widget-container\">\n\t\t\t\t\t<h2 class=\"elementor-heading-title elementor-size-default\">The prices<\/h2>\t\t\t\t<\/div>\n\t\t\t\t<\/div>\n\t\t\t\t<div class=\"elementor-element elementor-element-30304cbf ob-harakiri-inherit ob-has-background-overlay elementor-widget elementor-widget-text-editor\" data-id=\"30304cbf\" data-element_type=\"widget\" data-e-type=\"widget\" data-settings=\"{&quot;_ob_use_harakiri&quot;:&quot;yes&quot;,&quot;_ob_harakiri_writing_mode&quot;:&quot;inherit&quot;,&quot;_ob_postman_use&quot;:&quot;no&quot;,&quot;_ob_widget_stalker_use&quot;:&quot;no&quot;,&quot;_ob_poopart_use&quot;:&quot;yes&quot;,&quot;_ob_shadough_use&quot;:&quot;no&quot;,&quot;_ob_allow_hoveranimator&quot;:&quot;no&quot;}\" data-widget_type=\"text-editor.default\">\n\t\t\t\t<div class=\"elementor-widget-container\">\n\t\t\t\t\t\t\t\t\t<p>Is breakfast included in the price?<br \/>Non, quand vous r\u00e9servez une chambre simple, le petit-d\u00e9jeuner n&rsquo;est pas compris mais peut se r\u00e9server s\u00e9par\u00e9ment de la chambre dans la m\u00eame commande. Le petit-d\u00e9jeuner est au tarif de 21\u20ac par personne et par jour.<\/p><p>\u00a0However, you can also book one of our special offers, which all include breakfast.<\/p><p>\u00a0<\/p><p>Are tourist taxes included in the price?<br \/>Non, la taxe de s\u00e9jour \u00e0 payer sur place est de 1,65\u20ac par personne et par jour.<\/p><p>\u00a0<\/p><p>Are the rates and availability the same if I book on the website or by phone?<br \/>Yes, there is no difference in price or availability depending on whether you book by phone or on our website.<\/p>\t\t\t\t\t\t\t\t<\/div>\n\t\t\t\t<\/div>\n\t\t\t\t<div class=\"elementor-element elementor-element-767194 ob-harakiri-inherit ob-has-background-overlay elementor-widget elementor-widget-heading\" data-id=\"767194\" data-element_type=\"widget\" data-e-type=\"widget\" data-settings=\"{&quot;_ob_use_harakiri&quot;:&quot;yes&quot;,&quot;_ob_harakiri_writing_mode&quot;:&quot;inherit&quot;,&quot;_ob_harakiri_text_clip&quot;:&quot;none&quot;,&quot;_ob_widget_stalker_use&quot;:&quot;no&quot;,&quot;_ob_poopart_use&quot;:&quot;yes&quot;,&quot;_ob_shadough_use&quot;:&quot;no&quot;,&quot;_ob_allow_hoveranimator&quot;:&quot;no&quot;}\" data-widget_type=\"heading.default\">\n\t\t\t\t<div class=\"elementor-widget-container\">\n\t\t\t\t\t<h2 class=\"elementor-heading-title elementor-size-default\">The reservation<\/h2>\t\t\t\t<\/div>\n\t\t\t\t<\/div>\n\t\t\t\t<div class=\"elementor-element elementor-element-532110e6 ob-harakiri-inherit ob-has-background-overlay elementor-widget elementor-widget-text-editor\" data-id=\"532110e6\" data-element_type=\"widget\" data-e-type=\"widget\" data-settings=\"{&quot;_ob_use_harakiri&quot;:&quot;yes&quot;,&quot;_ob_harakiri_writing_mode&quot;:&quot;inherit&quot;,&quot;_ob_postman_use&quot;:&quot;no&quot;,&quot;_ob_widget_stalker_use&quot;:&quot;no&quot;,&quot;_ob_poopart_use&quot;:&quot;yes&quot;,&quot;_ob_shadough_use&quot;:&quot;no&quot;,&quot;_ob_allow_hoveranimator&quot;:&quot;no&quot;}\" data-widget_type=\"text-editor.default\">\n\t\t\t\t<div class=\"elementor-widget-container\">\n\t\t\t\t\t\t\t\t\t<p>Why do you need my credit card information?<br \/>The bank details are only used as a guarantee in case you do not come or cancel late.<\/p><p>\u00a0<\/p><p>When and how will I pay for my stay?<br \/>You pay at the end of your stay, with the means of payment you wish: bank card, holiday voucher, cash.<\/p><p>\u00a0<\/p><p>I have not received a booking confirmation. How can I do this?<br \/>We send a confirmation email with every booking. However, if you have not received this email within 15 minutes of making your booking, please check your junk mail. If the email is not there either, please do not hesitate to contact us.<\/p><p>\u00a0<\/p><p>What are the cancellation conditions?<br \/>You can cancel your reservation free of charge up to 48 hours before your stay.<\/p><p>\u00a0<\/p><p>How can I change or cancel my booking?<br \/>You can manage your reservation at any time at the bottom of the site, by clicking on the link \"Manage my reservations\" in the \"Useful links\" section. You will be asked for your reservation number.<\/p><p>\u00a0<\/p><p>Is there a charge for parking?<\/p><p>Parking is available at a charge of \u20ac10.00 per car per night.<\/p><p>\u00a0<\/p><p>Can I reserve a parking space?<\/p><p data-pm-slice=\"1 1 []\">Parking spaces cannot be reserved in advance.<\/p>\t\t\t\t\t\t\t\t<\/div>\n\t\t\t\t<\/div>\n\t\t\t\t\t<\/div>\n\t\t<\/div>\n\t\t\t\t\t<\/div>\n\t\t<\/section>\n\t\t\t\t<\/div>","protected":false},"excerpt":{"rendered":"<p>\/ FAQ Vous vous posez une question \u00e0 propos de l&rsquo;h\u00f4tel, de votre r\u00e9servation ou de votre futur s\u00e9jour ?Votre r\u00e9ponse se trouve peut-\u00eatre ici ! Si tel n&rsquo;est pas le cas, n&rsquo;h\u00e9sitez pas \u00e0 prendre contact par t\u00e9l\u00e9phone ou mail. L&rsquo;h\u00f4tel Comment faire pour venir de la gare TGV d\u2019Avignon jusqu&rsquo;\u00e0 l&rsquo;h\u00f4tel ? Est-ce [&hellip;]<\/p>\n","protected":false},"author":6,"featured_media":0,"parent":0,"menu_order":12,"comment_status":"closed","ping_status":"closed","template":"","meta":{"_acf_changed":false,"inline_featured_image":false,"footnotes":""},"class_list":["post-287","page","type-page","status-publish","hentry"],"acf":[],"_links":{"self":[{"href":"https:\/\/www.magnaneraie.najeti.fr\/en\/wp-json\/wp\/v2\/pages\/287","targetHints":{"allow":["GET"]}}],"collection":[{"href":"https:\/\/www.magnaneraie.najeti.fr\/en\/wp-json\/wp\/v2\/pages"}],"about":[{"href":"https:\/\/www.magnaneraie.najeti.fr\/en\/wp-json\/wp\/v2\/types\/page"}],"author":[{"embeddable":true,"href":"https:\/\/www.magnaneraie.najeti.fr\/en\/wp-json\/wp\/v2\/users\/6"}],"replies":[{"embeddable":true,"href":"https:\/\/www.magnaneraie.najeti.fr\/en\/wp-json\/wp\/v2\/comments?post=287"}],"version-history":[{"count":31,"href":"https:\/\/www.magnaneraie.najeti.fr\/en\/wp-json\/wp\/v2\/pages\/287\/revisions"}],"predecessor-version":[{"id":3028,"href":"https:\/\/www.magnaneraie.najeti.fr\/en\/wp-json\/wp\/v2\/pages\/287\/revisions\/3028"}],"wp:attachment":[{"href":"https:\/\/www.magnaneraie.najeti.fr\/en\/wp-json\/wp\/v2\/media?parent=287"}],"curies":[{"name":"wp","href":"https:\/\/api.w.org\/{rel}","templated":true}]}}